{"id":41815,"date":"2024-02-21T11:35:03","date_gmt":"2024-02-21T10:35:03","guid":{"rendered":"https:\/\/www.socialshaker.com\/legal-notices\/"},"modified":"2026-04-16T17:00:47","modified_gmt":"2026-04-16T16:00:47","slug":"legal-mentions","status":"publish","type":"page","link":"https:\/\/www.socialshaker.com\/en\/legal-mentions\/","title":{"rendered":"Legal notices"},"content":{"rendered":"<p>[et_pb_section fb_built=&#8221;1&#8243; _builder_version=&#8221;4.24.0&#8243; _module_preset=&#8221;default&#8221; use_background_color_gradient=&#8221;on&#8221; background_color_gradient_stops=&#8221;#faf6fd 30%|#ffffff 100%&#8221; global_colors_info=&#8221;{}&#8221;][et_pb_row custom_padding_last_edited=&#8221;on|phone&#8221; _builder_version=&#8221;4.25.1&#8243; _module_preset=&#8221;default&#8221; custom_margin_tablet=&#8221;&#8221; custom_margin_phone=&#8221;0px||||false|false&#8221; custom_margin_last_edited=&#8221;on|phone&#8221; custom_padding_tablet=&#8221;&#8221; custom_padding_phone=&#8221;20px||||false|false&#8221; global_colors_info=&#8221;{}&#8221;][et_pb_column type=&#8221;4_4&#8243; _builder_version=&#8221;4.23.4&#8243; _module_preset=&#8221;default&#8221; global_colors_info=&#8221;{}&#8221;][et_pb_text _builder_version=&#8221;4.25.1&#8243; _module_preset=&#8221;default&#8221; text_font=&#8221;|700|||||||&#8221; text_text_color=&#8221;#331D3D&#8221; text_font_size=&#8221;35px&#8221; text_line_height=&#8221;1.2em&#8221; header_text_align=&#8221;center&#8221; text_orientation=&#8221;center&#8221; custom_margin_tablet=&#8221;&#8221; custom_margin_phone=&#8221;0px||||false|false&#8221; custom_margin_last_edited=&#8221;on|phone&#8221; custom_padding_tablet=&#8221;&#8221; custom_padding_phone=&#8221;0px||||false|false&#8221; custom_padding_last_edited=&#8221;on|phone&#8221; text_font_size_tablet=&#8221;35px&#8221; text_font_size_phone=&#8221;28px&#8221; text_font_size_last_edited=&#8221;on|phone&#8221; global_colors_info=&#8221;{}&#8221;]<\/p>\n<p>Legal notices<br \/>Socialshaker<\/p>\n<p>[\/et_pb_text][\/et_pb_column][\/et_pb_row][et_pb_row _builder_version=&#8221;4.24.0&#8243; _module_preset=&#8221;default&#8221; custom_margin=&#8221;||30px||false|false&#8221; global_colors_info=&#8221;{}&#8221;][et_pb_column type=&#8221;4_4&#8243; _builder_version=&#8221;4.23.4&#8243; _module_preset=&#8221;default&#8221; global_colors_info=&#8221;{}&#8221;][et_pb_text _builder_version=&#8221;4.24.0&#8243; _module_preset=&#8221;default&#8221; custom_margin=&#8221;||10px||false|false&#8221; custom_padding=&#8221;||0px||false|false&#8221; global_colors_info=&#8221;{}&#8221;]<\/p>\n<p>Publisher<\/p>\n<p>[\/et_pb_text][et_pb_text _builder_version=&#8221;4.26.1&#8243; _module_preset=&#8221;default&#8221; text_font=&#8221;|300|||||||&#8221; global_colors_info=&#8221;{}&#8221;]<\/p>\n<p>Ce site (ci-apr\u00e8s le \u00ab Site \u00bb) Socialshaker, propri\u00e9t\u00e9 de la soci\u00e9t\u00e9 Adictiz qui l\u2019\u00e9dite, SASU au capital de 350 260 \u20ac, immatricul\u00e9e au registre du commerce et des soci\u00e9t\u00e9s de Lille sous le num\u00e9ro 504 614 892, et dont le si\u00e8ge est au 2 rue Fourier, 59000 Lille.<\/p>\n<p>Email : contact@socialshaker.com<br \/>Directeur de publication : M. Julien Cohen<br \/>59000 Lille<br \/>R\u00e9dacteur en Chef : M. Julien Cohen<br \/>Conception et d\u00e9veloppement : Socialshaker, marque de la soci\u00e9t\u00e9 Adictiz<\/p>\n<p>[\/et_pb_text][et_pb_text _builder_version=&#8221;4.24.0&#8243; _module_preset=&#8221;default&#8221; custom_margin=&#8221;||10px||false|false&#8221; custom_padding=&#8221;||0px||false|false&#8221; global_colors_info=&#8221;{}&#8221;]<\/p>\n<p>Site hosting<\/p>\n<p>[\/et_pb_text][et_pb_text _builder_version=&#8221;4.24.0&#8243; _module_preset=&#8221;default&#8221; text_font=&#8221;|300|||||||&#8221; global_colors_info=&#8221;{}&#8221;]OVH<br \/>\n2 rue Kellermann 59100 Roubaix \u2013 France[\/et_pb_text][et_pb_text _builder_version=&#8221;4.24.0&#8243; _module_preset=&#8221;default&#8221; custom_margin=&#8221;||10px||false|false&#8221; custom_padding=&#8221;||0px||false|false&#8221; global_colors_info=&#8221;{}&#8221;]<\/p>\n<p>Intellectual property<\/p>\n<p>[\/et_pb_text][et_pb_text _builder_version=&#8221;4.24.0&#8243; _module_preset=&#8221;default&#8221; text_font=&#8221;|300|||||||&#8221; global_colors_info=&#8221;{}&#8221;]The Site and its contents (texts, images and visuals, data, architecture) are the exclusive property of Socialshaker, as well as the \u201cSocialshaker\u201d brand and logo, with the exception of elements provided by our partners, which are placed under their sole responsibility.<\/p>\n<p>Any reproduction, representation, modification or use, in whole or in part, of the Site or of any of its component parts is strictly forbidden without prior authorization from Socialshaker. Any unauthorized reproduction of any element of the Site is liable to prosecution.[\/et_pb_text][et_pb_text _builder_version=&#8221;4.24.0&#8243; _module_preset=&#8221;default&#8221; custom_margin=&#8221;||10px||false|false&#8221; custom_padding=&#8221;||0px||false|false&#8221; global_colors_info=&#8221;{}&#8221;]<\/p>\n<p>Search engine optimization<\/p>\n<p>[\/et_pb_text][et_pb_text _builder_version=&#8221;4.24.0&#8243; _module_preset=&#8221;default&#8221; text_font=&#8221;|300|||||||&#8221; global_colors_info=&#8221;{}&#8221;]A hypertext link to the Site may be set up with the prior authorization of Socialshaker. However, Socialshaker declines all responsibility for the content of sites that may be linked to the Site by a hypertext link. Likewise, Socialshaker declines all responsibility for the content of partner sites, which are published under the sole responsibility of the partners.[\/et_pb_text][et_pb_text _builder_version=&#8221;4.24.0&#8243; _module_preset=&#8221;default&#8221; custom_margin=&#8221;||10px||false|false&#8221; custom_padding=&#8221;||0px||false|false&#8221; global_colors_info=&#8221;{}&#8221;]<\/p>\n<p>Privacy policy<\/p>\n<p>[\/et_pb_text][et_pb_text _builder_version=&#8221;4.24.2&#8243; _module_preset=&#8221;default&#8221; text_font=&#8221;|300|||||||&#8221; global_colors_info=&#8221;{}&#8221;]<\/p>\n<p>Socialshaker is likely to collect your personal data, intended for the execution of the proposed services. If you agree, Socialshaker may also pass them on to third-party partners. You have the right to access, modify, delete and oppose the processing of your personal data and their use for prospecting purposes.<\/p>\n<p>Any questions in this area, as well as rights of opposition, access, rectification and deletion concerning this information, may be addressed to Socialshaker at the following address: Mr Julien Cohen, Socialshaker,<br \/>2 rue Fourier<br \/>59000 Lille<br \/>Email : contact@socialshaker.com<\/p>\n<p>In accordance with the provisions of the French Data Protection Act of January 6, 1978, the automated processing of nominative data from the Site has been declared under number 1470544 to the Commission Nationale de l&#8217;Informatique et des Libert\u00e9s (CNIL).<\/p>\n<p>[\/et_pb_text][\/et_pb_column][\/et_pb_row][\/et_pb_section][et_pb_section fb_built=&#8221;1&#8243; _builder_version=&#8221;4.23.4&#8243; _module_preset=&#8221;default&#8221; use_background_color_gradient=&#8221;on&#8221; background_color_gradient_stops=&#8221;#faf6fd 30%|#ffffff 100%&#8221; global_colors_info=&#8221;{}&#8221;][et_pb_row column_structure=&#8221;1_4,1_2,1_4&#8243; _builder_version=&#8221;4.23.4&#8243; _module_preset=&#8221;default&#8221; locked=&#8221;off&#8221; global_colors_info=&#8221;{}&#8221;][et_pb_column type=&#8221;1_4&#8243; _builder_version=&#8221;4.23.4&#8243; _module_preset=&#8221;default&#8221; global_colors_info=&#8221;{}&#8221;][\/et_pb_column][et_pb_column type=&#8221;1_2&#8243; _builder_version=&#8221;4.23.4&#8243; _module_preset=&#8221;default&#8221; global_colors_info=&#8221;{}&#8221;][et_pb_text _builder_version=&#8221;4.24.2&#8243; _module_preset=&#8221;default&#8221; text_font=&#8221;|300|||||||&#8221; text_font_size=&#8221;35px&#8221; text_line_height=&#8221;1.2em&#8221; header_2_font_size=&#8221;35px&#8221; custom_margin=&#8221;||20px||false|false&#8221; global_colors_info=&#8221;{}&#8221;]<\/p>\n<h2 style=\"text-align: center\"><strong>Engage your community<\/strong><br \/><strong>without further delay<\/strong><\/h2>\n<p>[\/et_pb_text][et_pb_text _builder_version=&#8221;4.24.2&#8243; _module_preset=&#8221;default&#8221; text_font=&#8221;|300|||||||&#8221; text_font_size=&#8221;30px&#8221; text_line_height=&#8221;1.2em&#8221; header_2_font=&#8221;|300|||||||&#8221; header_3_font=&#8221;|300|||||||&#8221; header_3_font_size=&#8221;26px&#8221; global_colors_info=&#8221;{}&#8221;]<\/p>\n<h3 style=\"text-align: center\">Launch a 100% free game marketing campaign in just a few clicks<\/h3>\n<p>[\/et_pb_text][et_pb_button button_url=&#8221;https:\/\/platform.socialshaker.com\/fr\/register&#8221; button_text=&#8221;Get started for free&#8221; _builder_version=&#8221;4.26.1&#8243; _module_preset=&#8221;c40ba20b-4bf1-47d2-bbb9-baa3da12e41e&#8221; global_colors_info=&#8221;{}&#8221;][\/et_pb_button][\/et_pb_column][et_pb_column type=&#8221;1_4&#8243; _builder_version=&#8221;4.23.4&#8243; _module_preset=&#8221;default&#8221; global_colors_info=&#8221;{}&#8221;][\/et_pb_column][\/et_pb_row][\/et_pb_section]<\/p>\n","protected":false},"excerpt":{"rendered":"<p>Legal noticesSocialshakerPublisherCe site (ci-apr\u00e8s le \u00ab Site \u00bb) Socialshaker, propri\u00e9t\u00e9 de la soci\u00e9t\u00e9 Adictiz qui l\u2019\u00e9dite, SASU au capital de 350 260 \u20ac, immatricul\u00e9e au registre du commerce et des soci\u00e9t\u00e9s de Lille sous le num\u00e9ro 504 614 892, et dont le si\u00e8ge est au 2 rue Fourier, 59000 Lille. Email : contact@socialshaker.comDirecteur de publication [&hellip;]<\/p>\n","protected":false},"author":4,"featured_media":42412,"parent":0,"menu_order":0,"comment_status":"closed","ping_status":"closed","template":"","meta":{"_et_pb_use_builder":"on","_et_pb_old_content":"","_et_gb_content_width":"","footnotes":""},"dipi_cpt_category":[],"class_list":["post-41815","page","type-page","status-publish","has-post-thumbnail","hentry"],"yoast_head":"<!-- This site is optimized with the Yoast SEO plugin v26.6 - https:\/\/yoast.com\/wordpress\/plugins\/seo\/ -->\n<title>Legal notice Socialshaker<\/title>\n<meta name=\"description\" content=\"Find out more about Socialshaker&#039;s legal notices. To find out more about us, visit this page.\" \/>\n<meta name=\"robots\" content=\"index, follow, max-snippet:-1, max-image-preview:large, max-video-preview:-1\" \/>\n<link rel=\"canonical\" href=\"https:\/\/www.socialshaker.com\/en\/legal-mentions\/\" \/>\n<meta property=\"og:locale\" content=\"en_US\" \/>\n<meta property=\"og:type\" content=\"article\" \/>\n<meta property=\"og:title\" content=\"Legal notice Socialshaker\" \/>\n<meta property=\"og:description\" content=\"Find out more about Socialshaker&#039;s legal notices. To find out more about us, visit this page.\" \/>\n<meta property=\"og:url\" content=\"https:\/\/www.socialshaker.com\/en\/legal-mentions\/\" \/>\n<meta property=\"og:site_name\" content=\"Socialshaker Interactive marketing\" \/>\n<meta property=\"article:modified_time\" content=\"2026-04-16T16:00:47+00:00\" \/>\n<meta property=\"og:image\" content=\"https:\/\/www.socialshaker.com\/wp-content\/uploads\/2024\/06\/Vignette-Mentions-legales.webp\" \/>\n\t<meta property=\"og:image:width\" content=\"888\" \/>\n\t<meta property=\"og:image:height\" content=\"587\" \/>\n\t<meta property=\"og:image:type\" content=\"image\/webp\" \/>\n<meta name=\"twitter:card\" content=\"summary_large_image\" \/>\n<meta name=\"twitter:label1\" content=\"Est. reading time\" \/>\n\t<meta name=\"twitter:data1\" content=\"3 minutes\" \/>\n<script type=\"application\/ld+json\" class=\"yoast-schema-graph\">{\"@context\":\"https:\/\/schema.org\",\"@graph\":[{\"@type\":\"WebPage\",\"@id\":\"https:\/\/www.socialshaker.com\/en\/legal-mentions\/\",\"url\":\"https:\/\/www.socialshaker.com\/en\/legal-mentions\/\",\"name\":\"Legal notice Socialshaker\",\"isPartOf\":{\"@id\":\"https:\/\/www.socialshaker.com\/en\/#website\"},\"primaryImageOfPage\":{\"@id\":\"https:\/\/www.socialshaker.com\/en\/legal-mentions\/#primaryimage\"},\"image\":{\"@id\":\"https:\/\/www.socialshaker.com\/en\/legal-mentions\/#primaryimage\"},\"thumbnailUrl\":\"https:\/\/www.socialshaker.com\/wp-content\/uploads\/2024\/06\/Vignette-Mentions-legales.webp\",\"datePublished\":\"2024-02-21T10:35:03+00:00\",\"dateModified\":\"2026-04-16T16:00:47+00:00\",\"description\":\"Find out more about Socialshaker's legal notices. To find out more about us, visit this page.\",\"breadcrumb\":{\"@id\":\"https:\/\/www.socialshaker.com\/en\/legal-mentions\/#breadcrumb\"},\"inLanguage\":\"en-US\",\"potentialAction\":[{\"@type\":\"ReadAction\",\"target\":[\"https:\/\/www.socialshaker.com\/en\/legal-mentions\/\"]}]},{\"@type\":\"ImageObject\",\"inLanguage\":\"en-US\",\"@id\":\"https:\/\/www.socialshaker.com\/en\/legal-mentions\/#primaryimage\",\"url\":\"https:\/\/www.socialshaker.com\/wp-content\/uploads\/2024\/06\/Vignette-Mentions-legales.webp\",\"contentUrl\":\"https:\/\/www.socialshaker.com\/wp-content\/uploads\/2024\/06\/Vignette-Mentions-legales.webp\",\"width\":888,\"height\":587},{\"@type\":\"BreadcrumbList\",\"@id\":\"https:\/\/www.socialshaker.com\/en\/legal-mentions\/#breadcrumb\",\"itemListElement\":[{\"@type\":\"ListItem\",\"position\":1,\"name\":\"Accueil\",\"item\":\"https:\/\/www.socialshaker.com\/en\/\"},{\"@type\":\"ListItem\",\"position\":2,\"name\":\"Legal notices\"}]},{\"@type\":\"WebSite\",\"@id\":\"https:\/\/www.socialshaker.com\/en\/#website\",\"url\":\"https:\/\/www.socialshaker.com\/en\/\",\"name\":\"Socialshaker\",\"description\":\"Lancez une campagne de jeu marketing en quelques clics avec Socialshaker\",\"publisher\":{\"@id\":\"https:\/\/www.socialshaker.com\/en\/#organization\"},\"potentialAction\":[{\"@type\":\"SearchAction\",\"target\":{\"@type\":\"EntryPoint\",\"urlTemplate\":\"https:\/\/www.socialshaker.com\/en\/?s={search_term_string}\"},\"query-input\":{\"@type\":\"PropertyValueSpecification\",\"valueRequired\":true,\"valueName\":\"search_term_string\"}}],\"inLanguage\":\"en-US\"},{\"@type\":\"Organization\",\"@id\":\"https:\/\/www.socialshaker.com\/en\/#organization\",\"name\":\"Socialshaker\",\"url\":\"https:\/\/www.socialshaker.com\/en\/\",\"logo\":{\"@type\":\"ImageObject\",\"inLanguage\":\"en-US\",\"@id\":\"https:\/\/www.socialshaker.com\/en\/#\/schema\/logo\/image\/\",\"url\":\"https:\/\/www.socialshaker.com\/wp-content\/uploads\/2024\/02\/Logo-2024-rouge-etoile.webp\",\"contentUrl\":\"https:\/\/www.socialshaker.com\/wp-content\/uploads\/2024\/02\/Logo-2024-rouge-etoile.webp\",\"width\":346,\"height\":70,\"caption\":\"Socialshaker\"},\"image\":{\"@id\":\"https:\/\/www.socialshaker.com\/en\/#\/schema\/logo\/image\/\"}}]}<\/script>\n<!-- \/ Yoast SEO plugin. -->","yoast_head_json":{"title":"Legal notice Socialshaker","description":"Find out more about Socialshaker's legal notices. To find out more about us, visit this page.","robots":{"index":"index","follow":"follow","max-snippet":"max-snippet:-1","max-image-preview":"max-image-preview:large","max-video-preview":"max-video-preview:-1"},"canonical":"https:\/\/www.socialshaker.com\/en\/legal-mentions\/","og_locale":"en_US","og_type":"article","og_title":"Legal notice Socialshaker","og_description":"Find out more about Socialshaker's legal notices. To find out more about us, visit this page.","og_url":"https:\/\/www.socialshaker.com\/en\/legal-mentions\/","og_site_name":"Socialshaker Interactive marketing","article_modified_time":"2026-04-16T16:00:47+00:00","og_image":[{"width":888,"height":587,"url":"https:\/\/www.socialshaker.com\/wp-content\/uploads\/2024\/06\/Vignette-Mentions-legales.webp","type":"image\/webp"}],"twitter_card":"summary_large_image","twitter_misc":{"Est. reading time":"3 minutes"},"schema":{"@context":"https:\/\/schema.org","@graph":[{"@type":"WebPage","@id":"https:\/\/www.socialshaker.com\/en\/legal-mentions\/","url":"https:\/\/www.socialshaker.com\/en\/legal-mentions\/","name":"Legal notice Socialshaker","isPartOf":{"@id":"https:\/\/www.socialshaker.com\/en\/#website"},"primaryImageOfPage":{"@id":"https:\/\/www.socialshaker.com\/en\/legal-mentions\/#primaryimage"},"image":{"@id":"https:\/\/www.socialshaker.com\/en\/legal-mentions\/#primaryimage"},"thumbnailUrl":"https:\/\/www.socialshaker.com\/wp-content\/uploads\/2024\/06\/Vignette-Mentions-legales.webp","datePublished":"2024-02-21T10:35:03+00:00","dateModified":"2026-04-16T16:00:47+00:00","description":"Find out more about Socialshaker's legal notices. To find out more about us, visit this page.","breadcrumb":{"@id":"https:\/\/www.socialshaker.com\/en\/legal-mentions\/#breadcrumb"},"inLanguage":"en-US","potentialAction":[{"@type":"ReadAction","target":["https:\/\/www.socialshaker.com\/en\/legal-mentions\/"]}]},{"@type":"ImageObject","inLanguage":"en-US","@id":"https:\/\/www.socialshaker.com\/en\/legal-mentions\/#primaryimage","url":"https:\/\/www.socialshaker.com\/wp-content\/uploads\/2024\/06\/Vignette-Mentions-legales.webp","contentUrl":"https:\/\/www.socialshaker.com\/wp-content\/uploads\/2024\/06\/Vignette-Mentions-legales.webp","width":888,"height":587},{"@type":"BreadcrumbList","@id":"https:\/\/www.socialshaker.com\/en\/legal-mentions\/#breadcrumb","itemListElement":[{"@type":"ListItem","position":1,"name":"Accueil","item":"https:\/\/www.socialshaker.com\/en\/"},{"@type":"ListItem","position":2,"name":"Legal notices"}]},{"@type":"WebSite","@id":"https:\/\/www.socialshaker.com\/en\/#website","url":"https:\/\/www.socialshaker.com\/en\/","name":"Socialshaker","description":"Lancez une campagne de jeu marketing en quelques clics avec Socialshaker","publisher":{"@id":"https:\/\/www.socialshaker.com\/en\/#organization"},"potentialAction":[{"@type":"SearchAction","target":{"@type":"EntryPoint","urlTemplate":"https:\/\/www.socialshaker.com\/en\/?s={search_term_string}"},"query-input":{"@type":"PropertyValueSpecification","valueRequired":true,"valueName":"search_term_string"}}],"inLanguage":"en-US"},{"@type":"Organization","@id":"https:\/\/www.socialshaker.com\/en\/#organization","name":"Socialshaker","url":"https:\/\/www.socialshaker.com\/en\/","logo":{"@type":"ImageObject","inLanguage":"en-US","@id":"https:\/\/www.socialshaker.com\/en\/#\/schema\/logo\/image\/","url":"https:\/\/www.socialshaker.com\/wp-content\/uploads\/2024\/02\/Logo-2024-rouge-etoile.webp","contentUrl":"https:\/\/www.socialshaker.com\/wp-content\/uploads\/2024\/02\/Logo-2024-rouge-etoile.webp","width":346,"height":70,"caption":"Socialshaker"},"image":{"@id":"https:\/\/www.socialshaker.com\/en\/#\/schema\/logo\/image\/"}}]}},"_links":{"self":[{"href":"https:\/\/www.socialshaker.com\/en\/wp-json\/wp\/v2\/pages\/41815","targetHints":{"allow":["GET"]}}],"collection":[{"href":"https:\/\/www.socialshaker.com\/en\/wp-json\/wp\/v2\/pages"}],"about":[{"href":"https:\/\/www.socialshaker.com\/en\/wp-json\/wp\/v2\/types\/page"}],"author":[{"embeddable":true,"href":"https:\/\/www.socialshaker.com\/en\/wp-json\/wp\/v2\/users\/4"}],"replies":[{"embeddable":true,"href":"https:\/\/www.socialshaker.com\/en\/wp-json\/wp\/v2\/comments?post=41815"}],"version-history":[{"count":80,"href":"https:\/\/www.socialshaker.com\/en\/wp-json\/wp\/v2\/pages\/41815\/revisions"}],"predecessor-version":[{"id":27593032,"href":"https:\/\/www.socialshaker.com\/en\/wp-json\/wp\/v2\/pages\/41815\/revisions\/27593032"}],"wp:featuredmedia":[{"embeddable":true,"href":"https:\/\/www.socialshaker.com\/en\/wp-json\/wp\/v2\/media\/42412"}],"wp:attachment":[{"href":"https:\/\/www.socialshaker.com\/en\/wp-json\/wp\/v2\/media?parent=41815"}],"wp:term":[{"taxonomy":"dipi_cpt_category","embeddable":true,"href":"https:\/\/www.socialshaker.com\/en\/wp-json\/wp\/v2\/dipi_cpt_category?post=41815"}],"curies":[{"name":"wp","href":"https:\/\/api.w.org\/{rel}","templated":true}]}}