{"id":46785,"date":"2024-02-21T11:35:03","date_gmt":"2024-02-21T10:35:03","guid":{"rendered":"https:\/\/www.socialshaker.com\/aviso-legal\/"},"modified":"2026-05-07T10:24:51","modified_gmt":"2026-05-07T09:24:51","slug":"aviso-legal","status":"publish","type":"page","link":"https:\/\/www.socialshaker.com\/es\/aviso-legal\/","title":{"rendered":"Aviso legal"},"content":{"rendered":"<p>[et_pb_section fb_built=\u00bb1&#8243; _builder_version=\u00bb4.24.0&#8243; _module_preset=\u00bbdefault\u00bb use_background_color_gradient=\u00bbon\u00bb background_color_gradient_stops=\u00bb#faf6fd 30%|#ffffff 100%\u00bb global_colors_info=\u00bb{}\u00bb][et_pb_row custom_padding_last_edited=\u00bbon|phone\u00bb _builder_version=\u00bb4.25.1&#8243; _module_preset=\u00bbdefault\u00bb custom_margin_tablet=\u00bb\u00bb custom_margin_phone=\u00bb0px||||false|false\u00bb custom_margin_last_edited=\u00bbon|phone\u00bb custom_padding_tablet=\u00bb\u00bb custom_padding_phone=\u00bb20px||||false|false\u00bb global_colors_info=\u00bb{}\u00bb][et_pb_column type=\u00bb4_4&#8243; _builder_version=\u00bb4.23.4&#8243; _module_preset=\u00bbdefault\u00bb global_colors_info=\u00bb{}\u00bb][et_pb_text _builder_version=\u00bb4.25.1&#8243; _module_preset=\u00bbdefault\u00bb text_font=\u00bb|700|||||||\u00bb text_text_color=\u00bb#331D3D\u00bb text_font_size=\u00bb35px\u00bb text_line_height=\u00bb1.2em\u00bb header_text_align=\u00bbcenter\u00bb text_orientation=\u00bbcenter\u00bb custom_margin_tablet=\u00bb\u00bb custom_margin_phone=\u00bb0px||||false|false\u00bb custom_margin_last_edited=\u00bbon|phone\u00bb custom_padding_tablet=\u00bb\u00bb custom_padding_phone=\u00bb0px||||false|false\u00bb custom_padding_last_edited=\u00bbon|phone\u00bb text_font_size_tablet=\u00bb35px\u00bb text_font_size_phone=\u00bb28px\u00bb text_font_size_last_edited=\u00bbon|phone\u00bb global_colors_info=\u00bb{}\u00bb]<\/p>\n<p>Aviso legal de Socialshaker<\/p>\n<p>[\/et_pb_text][\/et_pb_column][\/et_pb_row][et_pb_row _builder_version=\u00bb4.24.0&#8243; _module_preset=\u00bbdefault\u00bb custom_margin=\u00bb||30px||false|false\u00bb global_colors_info=\u00bb{}\u00bb][et_pb_column type=\u00bb4_4&#8243; _builder_version=\u00bb4.23.4&#8243; _module_preset=\u00bbdefault\u00bb global_colors_info=\u00bb{}\u00bb][et_pb_text _builder_version=\u00bb4.24.0&#8243; _module_preset=\u00bbdefault\u00bb custom_margin=\u00bb||10px||false|false\u00bb custom_padding=\u00bb||0px||false|false\u00bb global_colors_info=\u00bb{}\u00bb]<\/p>\n<p>Editor<\/p>\n<p>[\/et_pb_text][et_pb_text _builder_version=\u00bb4.26.1&#8243; _module_preset=\u00bbdefault\u00bb text_font=\u00bb|300|||||||\u00bb global_colors_info=\u00bb{}\u00bb]<\/p>\n<p>Este sitio (en adelante, el \u00abSitio\u00bb) Socialshaker, propiedad de la sociedad Adictiz que lo edita, SASU con capital de 350.260 euros, inscrita en la Registro Mercantil de Lille con ek n\u00famero 504 614 892, cuyo domicilio social se encuentra en 2 rue Fourier, 59000 Lille.<\/p>\n<p>Mail : contact@socialshaker.com<br \/>Director de publicaci\u00f3n : M. Julien Cohen<br \/>59000 Lille<br \/>Jefe de redacci\u00f3n : M. Julien Cohen<br \/>Dise\u00f1o y desarrollo: Socialshaker, una marca de Adictiz<\/p>\n<p>[\/et_pb_text][et_pb_text _builder_version=\u00bb4.24.0&#8243; _module_preset=\u00bbdefault\u00bb custom_margin=\u00bb||10px||false|false\u00bb custom_padding=\u00bb||0px||false|false\u00bb global_colors_info=\u00bb{}\u00bb]<\/p>\n<p>Alojamiento web<\/p>\n<p>[\/et_pb_text][et_pb_text _builder_version=\u00bb4.24.0&#8243; _module_preset=\u00bbdefault\u00bb text_font=\u00bb|300|||||||\u00bb global_colors_info=\u00bb{}\u00bb]OVH<br \/>\n2 rue Kellermann 59100 Roubaix \u2013 Francia[\/et_pb_text][et_pb_text _builder_version=\u00bb4.24.0&#8243; _module_preset=\u00bbdefault\u00bb custom_margin=\u00bb||10px||false|false\u00bb custom_padding=\u00bb||0px||false|false\u00bb global_colors_info=\u00bb{}\u00bb]<\/p>\n<p>Propiedad intelectual<\/p>\n<p>[\/et_pb_text][et_pb_text _builder_version=\u00bb4.24.0&#8243; _module_preset=\u00bbdefault\u00bb text_font=\u00bb|300|||||||\u00bb global_colors_info=\u00bb{}\u00bb]El Sitio y su contenido (textos, im\u00e1genes y visuales, datos, arquitectura) son propiedad exclusiva de Socialshaker, as\u00ed como la marca y el logotipo \u00abSocialshaker\u00bb, a excepci\u00f3n de los elementos proporcionados por nuestros socios que quedan bajo su \u00fanica responsabilidad.<\/p>\n<p>Toda reproducci\u00f3n, representaci\u00f3n, modificaci\u00f3n o explotaci\u00f3n total o parcial del Sitio o de cualquiera de los elementos que lo componen est\u00e1 estrictamente prohibida, salvo autorizaci\u00f3n previa de Socialshaker. Cualquier reproducci\u00f3n no autorizada de cualquier elemento del Sitio puede dar lugar a acciones legales.[\/et_pb_text][et_pb_text _builder_version=\u00bb4.24.0&#8243; _module_preset=\u00bbdefault\u00bb custom_margin=\u00bb||10px||false|false\u00bb custom_padding=\u00bb||0px||false|false\u00bb global_colors_info=\u00bb{}\u00bb]<\/p>\n<p>Referencia<\/p>\n<p>[\/et_pb_text][et_pb_text _builder_version=\u00bb4.24.0&#8243; _module_preset=\u00bbdefault\u00bb text_font=\u00bb|300|||||||\u00bb global_colors_info=\u00bb{}\u00bb]Se puede establecer un enlace de hipertexto al Sitio con la autorizaci\u00f3n previa de Socialshaker. No obstante, Socialshaker declina toda responsabilidad relativa al contenido de los sitios que puedan estar vinculados al Sitio mediante un enlace de hipertexto. Del mismo modo, Socialshaker declina toda responsabilidad relativa al contenido de los sitios asociados, que se publican bajo la responsabilidad exclusiva de estos \u00faltimos.[\/et_pb_text][et_pb_text _builder_version=\u00bb4.24.0&#8243; _module_preset=\u00bbdefault\u00bb custom_margin=\u00bb||10px||false|false\u00bb custom_padding=\u00bb||0px||false|false\u00bb global_colors_info=\u00bb{}\u00bb]<\/p>\n<p>Confidencialidad<\/p>\n<p>[\/et_pb_text][et_pb_text _builder_version=\u00bb4.24.2&#8243; _module_preset=\u00bbdefault\u00bb text_font=\u00bb|300|||||||\u00bb global_colors_info=\u00bb{}\u00bb]<\/p>\n<p>Es probable que Socialshaker recopile sus datos personales, destinados a la ejecuci\u00f3n de los servicios ofrecidos. Si usted est\u00e1 de acuerdo, Socialshaker tambi\u00e9n podr\u00e1 transmitir estos datos a terceros datos asociados. Usted tiene derecho a acceder, modificar, suprimir y oponerse al tratamiento de sus datos personales y a su utilizaci\u00f3n con fines de prospecci\u00f3n.  <\/p>\n<p>Cualquier pregunta en este \u00e1mbito, as\u00ed como los derechos de oposici\u00f3n, acceso, rectificaci\u00f3n y supresi\u00f3n relativos a esta informaci\u00f3n, pueden dirigirse a Socialshaker, a la siguiente direcci\u00f3n Sr. Julien Cohen, Socialshaker <br \/>2 rue Fourier<br \/>59000 Lille<br \/>Mail: contact@socialshaker.com<\/p>\n<p>De conformidad con la disposiciones de la Ley Inform\u00e1tica y Libertades de 6 de enero de 1978, el tratamiento autorizado de los datos personales de l Sitio ha sido declarado con le n\u00famero 1470544 a la Comisi\u00f3n Nacional de Inform\u00e1tica y libertades (CNIL).<\/p>\n<p>[\/et_pb_text][\/et_pb_column][\/et_pb_row][\/et_pb_section][et_pb_section fb_built=\u00bb1&#8243; _builder_version=\u00bb4.23.4&#8243; _module_preset=\u00bbdefault\u00bb use_background_color_gradient=\u00bbon\u00bb background_color_gradient_stops=\u00bb#faf6fd 30%|#ffffff 100%\u00bb global_colors_info=\u00bb{}\u00bb][et_pb_row column_structure=\u00bb1_4,1_2,1_4&#8243; _builder_version=\u00bb4.23.4&#8243; _module_preset=\u00bbdefault\u00bb locked=\u00bboff\u00bb global_colors_info=\u00bb{}\u00bb][et_pb_column type=\u00bb1_4&#8243; _builder_version=\u00bb4.23.4&#8243; _module_preset=\u00bbdefault\u00bb global_colors_info=\u00bb{}\u00bb][\/et_pb_column][et_pb_column type=\u00bb1_2&#8243; _builder_version=\u00bb4.23.4&#8243; _module_preset=\u00bbdefault\u00bb global_colors_info=\u00bb{}\u00bb][et_pb_text _builder_version=\u00bb4.24.2&#8243; _module_preset=\u00bbdefault\u00bb text_font=\u00bb|300|||||||\u00bb text_font_size=\u00bb35px\u00bb text_line_height=\u00bb1.2em\u00bb header_2_font_size=\u00bb35px\u00bb custom_margin=\u00bb||20px||false|false\u00bb global_colors_info=\u00bb{}\u00bb]<\/p>\n<h2 style=\"text-align: center\"><strong>Implique a su comunidad<\/strong> <br \/><strong>sin m\u00e1s pre\u00e1mbulos<\/strong><\/h2>\n<p>[\/et_pb_text][et_pb_text _builder_version=\u00bb4.24.2&#8243; _module_preset=\u00bbdefault\u00bb text_font=\u00bb|300|||||||\u00bb text_font_size=\u00bb30px\u00bb text_line_height=\u00bb1.2em\u00bb header_2_font=\u00bb|300|||||||\u00bb header_3_font=\u00bb|300|||||||\u00bb header_3_font_size=\u00bb26px\u00bb global_colors_info=\u00bb{}\u00bb]<\/p>\n<h3 style=\"text-align: center\">Lanza una campa\u00f1a de juegos de marketing 100% gratuita en unos pocos clics<\/h3>\n<p>[\/et_pb_text][et_pb_button button_url=\u00bbhttps:\/\/platform.socialshaker.com\/fr\/register\u00bb button_text=\u00bbEmpezar gratis\u00bb _builder_version=\u00bb4.26.1&#8243; _module_preset=\u00bbc40ba20b-4bf1-47d2-bbb9-baa3da12e41e\u00bb global_colors_info=\u00bb{}\u00bb][\/et_pb_button][\/et_pb_column][et_pb_column type=\u00bb1_4&#8243; _builder_version=\u00bb4.23.4&#8243; _module_preset=\u00bbdefault\u00bb global_colors_info=\u00bb{}\u00bb][\/et_pb_column][\/et_pb_row][\/et_pb_section]<\/p>\n","protected":false},"excerpt":{"rendered":"<p>Aviso legal de SocialshakerEditorEste sitio (en adelante, el \u00abSitio\u00bb) Socialshaker, propiedad de la sociedad Adictiz que lo edita, SASU con capital de 350.260 euros, inscrita en la Registro Mercantil de Lille con ek n\u00famero 504 614 892, cuyo domicilio social se encuentra en 2 rue Fourier, 59000 Lille. Mail : contact@socialshaker.comDirector de publicaci\u00f3n : M. [&hellip;]<\/p>\n","protected":false},"author":4,"featured_media":46786,"parent":0,"menu_order":0,"comment_status":"closed","ping_status":"closed","template":"","meta":{"_et_pb_use_builder":"on","_et_pb_old_content":"","_et_gb_content_width":"","footnotes":""},"dipi_cpt_category":[],"class_list":["post-46785","page","type-page","status-publish","has-post-thumbnail","hentry"],"yoast_head":"<!-- This site is optimized with the Yoast SEO plugin v26.6 - https:\/\/yoast.com\/wordpress\/plugins\/seo\/ -->\n<title>Aviso legal de Socialshaker<\/title>\n<meta name=\"description\" content=\"M\u00e1s informaci\u00f3n sobre la informaci\u00f3n legal de la marca Socialshaker. Para saber todo lo que necesita saber sobre nosotros, visita esta p\u00e1gina.\" \/>\n<meta name=\"robots\" content=\"index, follow, max-snippet:-1, max-image-preview:large, max-video-preview:-1\" \/>\n<link rel=\"canonical\" href=\"https:\/\/www.socialshaker.com\/es\/aviso-legal\/\" \/>\n<meta property=\"og:locale\" content=\"es_ES\" \/>\n<meta property=\"og:type\" content=\"article\" \/>\n<meta property=\"og:title\" content=\"Aviso legal de Socialshaker\" \/>\n<meta property=\"og:description\" content=\"M\u00e1s informaci\u00f3n sobre la informaci\u00f3n legal de la marca Socialshaker. Para saber todo lo que necesita saber sobre nosotros, visita esta p\u00e1gina.\" \/>\n<meta property=\"og:url\" content=\"https:\/\/www.socialshaker.com\/es\/aviso-legal\/\" \/>\n<meta property=\"og:site_name\" content=\"Socialshaker Interactive marketing\" \/>\n<meta property=\"article:modified_time\" content=\"2026-05-07T09:24:51+00:00\" \/>\n<meta property=\"og:image\" content=\"https:\/\/www.socialshaker.com\/wp-content\/uploads\/2024\/06\/Vignette-Mentions-legales.webp\" \/>\n\t<meta property=\"og:image:width\" content=\"888\" \/>\n\t<meta property=\"og:image:height\" content=\"587\" \/>\n\t<meta property=\"og:image:type\" content=\"image\/webp\" \/>\n<meta name=\"twitter:card\" content=\"summary_large_image\" \/>\n<meta name=\"twitter:label1\" content=\"Tiempo de lectura\" \/>\n\t<meta name=\"twitter:data1\" content=\"5 minutos\" \/>\n<script type=\"application\/ld+json\" class=\"yoast-schema-graph\">{\"@context\":\"https:\/\/schema.org\",\"@graph\":[{\"@type\":\"WebPage\",\"@id\":\"https:\/\/www.socialshaker.com\/es\/aviso-legal\/\",\"url\":\"https:\/\/www.socialshaker.com\/es\/aviso-legal\/\",\"name\":\"Aviso legal de Socialshaker\",\"isPartOf\":{\"@id\":\"https:\/\/www.socialshaker.com\/es\/#website\"},\"primaryImageOfPage\":{\"@id\":\"https:\/\/www.socialshaker.com\/es\/aviso-legal\/#primaryimage\"},\"image\":{\"@id\":\"https:\/\/www.socialshaker.com\/es\/aviso-legal\/#primaryimage\"},\"thumbnailUrl\":\"https:\/\/www.socialshaker.com\/wp-content\/uploads\/2024\/06\/Vignette-Mentions-legales.webp\",\"datePublished\":\"2024-02-21T10:35:03+00:00\",\"dateModified\":\"2026-05-07T09:24:51+00:00\",\"description\":\"M\u00e1s informaci\u00f3n sobre la informaci\u00f3n legal de la marca Socialshaker. Para saber todo lo que necesita saber sobre nosotros, visita esta p\u00e1gina.\",\"breadcrumb\":{\"@id\":\"https:\/\/www.socialshaker.com\/es\/aviso-legal\/#breadcrumb\"},\"inLanguage\":\"es\",\"potentialAction\":[{\"@type\":\"ReadAction\",\"target\":[\"https:\/\/www.socialshaker.com\/es\/aviso-legal\/\"]}]},{\"@type\":\"ImageObject\",\"inLanguage\":\"es\",\"@id\":\"https:\/\/www.socialshaker.com\/es\/aviso-legal\/#primaryimage\",\"url\":\"https:\/\/www.socialshaker.com\/wp-content\/uploads\/2024\/06\/Vignette-Mentions-legales.webp\",\"contentUrl\":\"https:\/\/www.socialshaker.com\/wp-content\/uploads\/2024\/06\/Vignette-Mentions-legales.webp\",\"width\":888,\"height\":587},{\"@type\":\"BreadcrumbList\",\"@id\":\"https:\/\/www.socialshaker.com\/es\/aviso-legal\/#breadcrumb\",\"itemListElement\":[{\"@type\":\"ListItem\",\"position\":1,\"name\":\"Accueil\",\"item\":\"https:\/\/www.socialshaker.com\/es\/\"},{\"@type\":\"ListItem\",\"position\":2,\"name\":\"Aviso legal\"}]},{\"@type\":\"WebSite\",\"@id\":\"https:\/\/www.socialshaker.com\/es\/#website\",\"url\":\"https:\/\/www.socialshaker.com\/es\/\",\"name\":\"Socialshaker\",\"description\":\"Lancez une campagne de jeu marketing en quelques clics avec Socialshaker\",\"publisher\":{\"@id\":\"https:\/\/www.socialshaker.com\/es\/#organization\"},\"potentialAction\":[{\"@type\":\"SearchAction\",\"target\":{\"@type\":\"EntryPoint\",\"urlTemplate\":\"https:\/\/www.socialshaker.com\/es\/?s={search_term_string}\"},\"query-input\":{\"@type\":\"PropertyValueSpecification\",\"valueRequired\":true,\"valueName\":\"search_term_string\"}}],\"inLanguage\":\"es\"},{\"@type\":\"Organization\",\"@id\":\"https:\/\/www.socialshaker.com\/es\/#organization\",\"name\":\"Socialshaker\",\"url\":\"https:\/\/www.socialshaker.com\/es\/\",\"logo\":{\"@type\":\"ImageObject\",\"inLanguage\":\"es\",\"@id\":\"https:\/\/www.socialshaker.com\/es\/#\/schema\/logo\/image\/\",\"url\":\"https:\/\/www.socialshaker.com\/wp-content\/uploads\/2024\/02\/Logo-2024-rouge-etoile.webp\",\"contentUrl\":\"https:\/\/www.socialshaker.com\/wp-content\/uploads\/2024\/02\/Logo-2024-rouge-etoile.webp\",\"width\":346,\"height\":70,\"caption\":\"Socialshaker\"},\"image\":{\"@id\":\"https:\/\/www.socialshaker.com\/es\/#\/schema\/logo\/image\/\"}}]}<\/script>\n<!-- \/ Yoast SEO plugin. -->","yoast_head_json":{"title":"Aviso legal de Socialshaker","description":"M\u00e1s informaci\u00f3n sobre la informaci\u00f3n legal de la marca Socialshaker. Para saber todo lo que necesita saber sobre nosotros, visita esta p\u00e1gina.","robots":{"index":"index","follow":"follow","max-snippet":"max-snippet:-1","max-image-preview":"max-image-preview:large","max-video-preview":"max-video-preview:-1"},"canonical":"https:\/\/www.socialshaker.com\/es\/aviso-legal\/","og_locale":"es_ES","og_type":"article","og_title":"Aviso legal de Socialshaker","og_description":"M\u00e1s informaci\u00f3n sobre la informaci\u00f3n legal de la marca Socialshaker. Para saber todo lo que necesita saber sobre nosotros, visita esta p\u00e1gina.","og_url":"https:\/\/www.socialshaker.com\/es\/aviso-legal\/","og_site_name":"Socialshaker Interactive marketing","article_modified_time":"2026-05-07T09:24:51+00:00","og_image":[{"width":888,"height":587,"url":"https:\/\/www.socialshaker.com\/wp-content\/uploads\/2024\/06\/Vignette-Mentions-legales.webp","type":"image\/webp"}],"twitter_card":"summary_large_image","twitter_misc":{"Tiempo de lectura":"5 minutos"},"schema":{"@context":"https:\/\/schema.org","@graph":[{"@type":"WebPage","@id":"https:\/\/www.socialshaker.com\/es\/aviso-legal\/","url":"https:\/\/www.socialshaker.com\/es\/aviso-legal\/","name":"Aviso legal de Socialshaker","isPartOf":{"@id":"https:\/\/www.socialshaker.com\/es\/#website"},"primaryImageOfPage":{"@id":"https:\/\/www.socialshaker.com\/es\/aviso-legal\/#primaryimage"},"image":{"@id":"https:\/\/www.socialshaker.com\/es\/aviso-legal\/#primaryimage"},"thumbnailUrl":"https:\/\/www.socialshaker.com\/wp-content\/uploads\/2024\/06\/Vignette-Mentions-legales.webp","datePublished":"2024-02-21T10:35:03+00:00","dateModified":"2026-05-07T09:24:51+00:00","description":"M\u00e1s informaci\u00f3n sobre la informaci\u00f3n legal de la marca Socialshaker. Para saber todo lo que necesita saber sobre nosotros, visita esta p\u00e1gina.","breadcrumb":{"@id":"https:\/\/www.socialshaker.com\/es\/aviso-legal\/#breadcrumb"},"inLanguage":"es","potentialAction":[{"@type":"ReadAction","target":["https:\/\/www.socialshaker.com\/es\/aviso-legal\/"]}]},{"@type":"ImageObject","inLanguage":"es","@id":"https:\/\/www.socialshaker.com\/es\/aviso-legal\/#primaryimage","url":"https:\/\/www.socialshaker.com\/wp-content\/uploads\/2024\/06\/Vignette-Mentions-legales.webp","contentUrl":"https:\/\/www.socialshaker.com\/wp-content\/uploads\/2024\/06\/Vignette-Mentions-legales.webp","width":888,"height":587},{"@type":"BreadcrumbList","@id":"https:\/\/www.socialshaker.com\/es\/aviso-legal\/#breadcrumb","itemListElement":[{"@type":"ListItem","position":1,"name":"Accueil","item":"https:\/\/www.socialshaker.com\/es\/"},{"@type":"ListItem","position":2,"name":"Aviso legal"}]},{"@type":"WebSite","@id":"https:\/\/www.socialshaker.com\/es\/#website","url":"https:\/\/www.socialshaker.com\/es\/","name":"Socialshaker","description":"Lancez une campagne de jeu marketing en quelques clics avec Socialshaker","publisher":{"@id":"https:\/\/www.socialshaker.com\/es\/#organization"},"potentialAction":[{"@type":"SearchAction","target":{"@type":"EntryPoint","urlTemplate":"https:\/\/www.socialshaker.com\/es\/?s={search_term_string}"},"query-input":{"@type":"PropertyValueSpecification","valueRequired":true,"valueName":"search_term_string"}}],"inLanguage":"es"},{"@type":"Organization","@id":"https:\/\/www.socialshaker.com\/es\/#organization","name":"Socialshaker","url":"https:\/\/www.socialshaker.com\/es\/","logo":{"@type":"ImageObject","inLanguage":"es","@id":"https:\/\/www.socialshaker.com\/es\/#\/schema\/logo\/image\/","url":"https:\/\/www.socialshaker.com\/wp-content\/uploads\/2024\/02\/Logo-2024-rouge-etoile.webp","contentUrl":"https:\/\/www.socialshaker.com\/wp-content\/uploads\/2024\/02\/Logo-2024-rouge-etoile.webp","width":346,"height":70,"caption":"Socialshaker"},"image":{"@id":"https:\/\/www.socialshaker.com\/es\/#\/schema\/logo\/image\/"}}]}},"_links":{"self":[{"href":"https:\/\/www.socialshaker.com\/es\/wp-json\/wp\/v2\/pages\/46785","targetHints":{"allow":["GET"]}}],"collection":[{"href":"https:\/\/www.socialshaker.com\/es\/wp-json\/wp\/v2\/pages"}],"about":[{"href":"https:\/\/www.socialshaker.com\/es\/wp-json\/wp\/v2\/types\/page"}],"author":[{"embeddable":true,"href":"https:\/\/www.socialshaker.com\/es\/wp-json\/wp\/v2\/users\/4"}],"replies":[{"embeddable":true,"href":"https:\/\/www.socialshaker.com\/es\/wp-json\/wp\/v2\/comments?post=46785"}],"version-history":[{"count":42,"href":"https:\/\/www.socialshaker.com\/es\/wp-json\/wp\/v2\/pages\/46785\/revisions"}],"predecessor-version":[{"id":27594318,"href":"https:\/\/www.socialshaker.com\/es\/wp-json\/wp\/v2\/pages\/46785\/revisions\/27594318"}],"wp:featuredmedia":[{"embeddable":true,"href":"https:\/\/www.socialshaker.com\/es\/wp-json\/wp\/v2\/media\/46786"}],"wp:attachment":[{"href":"https:\/\/www.socialshaker.com\/es\/wp-json\/wp\/v2\/media?parent=46785"}],"wp:term":[{"taxonomy":"dipi_cpt_category","embeddable":true,"href":"https:\/\/www.socialshaker.com\/es\/wp-json\/wp\/v2\/dipi_cpt_category?post=46785"}],"curies":[{"name":"wp","href":"https:\/\/api.w.org\/{rel}","templated":true}]}}