{"id":48799,"date":"2024-04-16T16:45:57","date_gmt":"2024-04-16T15:45:57","guid":{"rendered":"https:\/\/www.socialshaker.com\/webinario\/"},"modified":"2026-04-14T15:45:14","modified_gmt":"2026-04-14T14:45:14","slug":"webinario","status":"publish","type":"page","link":"https:\/\/www.socialshaker.com\/es\/webinario\/","title":{"rendered":"Webinario"},"content":{"rendered":"<p>[et_pb_section fb_built=\u00bb1&#8243; _builder_version=\u00bb4.24.2&#8243; _module_preset=\u00bbdefault\u00bb background_color=\u00bb#FAF6FD\u00bb custom_margin=\u00bb0px||0px||false|false\u00bb custom_padding=\u00bb||0px|0px|false|false\u00bb global_colors_info=\u00bb{}\u00bb][et_pb_row _builder_version=\u00bb4.24.0&#8243; _module_preset=\u00bbdefault\u00bb global_colors_info=\u00bb{}\u00bb][et_pb_column type=\u00bb4_4&#8243; _builder_version=\u00bb4.23.4&#8243; _module_preset=\u00bbdefault\u00bb global_colors_info=\u00bb{}\u00bb][et_pb_text _builder_version=\u00bb4.26.0&#8243; _module_preset=\u00bbdefault\u00bb text_font=\u00bb|700|||||||\u00bb text_text_color=\u00bb#331D3D\u00bb text_font_size=\u00bb35px\u00bb text_line_height=\u00bb1.2em\u00bb header_text_align=\u00bbcenter\u00bb header_font_size=\u00bb45px\u00bb text_orientation=\u00bbcenter\u00bb custom_margin=\u00bb||0px||false|false\u00bb global_colors_info=\u00bb{}\u00bb]<\/p>\n<h1 style=\"text-align: center;\"><b>Webinario Socialshaker<\/b><\/h1>\n<p>[\/et_pb_text][et_pb_text _builder_version=\u00bb4.25.1&#8243; _module_preset=\u00bbdefault\u00bb text_font=\u00bb|300|||||||\u00bb text_font_size=\u00bb25px\u00bb text_line_height=\u00bb1.2em\u00bb header_font_size=\u00bb22px\u00bb header_2_font=\u00bb|300|||||||\u00bb custom_margin_tablet=\u00bb\u00bb custom_margin_phone=\u00bb||-20px||false|false\u00bb custom_margin_last_edited=\u00bbon|phone\u00bb custom_padding=\u00bb||0px||false|false\u00bb global_colors_info=\u00bb{}\u00bb]<\/p>\n<p style=\"text-align: center;\">Domine la plataforma en menos de 30 minutos<\/p>\n<p>[\/et_pb_text][\/et_pb_column][\/et_pb_row][\/et_pb_section][et_pb_section fb_built=\u00bb1&#8243; module_id=\u00bbgamificaci\u00f3n\u00bb _builder_version=\u00bb4.24.2&#8243; _module_preset=\u00bbdefault\u00bb background_color=\u00bb#FFFFFF\u00bb use_background_color_gradient=\u00bbon\u00bb background_color_gradient_stops=\u00bb#faf6fd 30%|#ffffff 100%\u00bb custom_padding=\u00bb||30px||false|false\u00bb global_colors_info=\u00bb{}\u00bb][et_pb_row column_structure=\u00bb1_2,1_2&#8243; disabled_on=\u00bbon|off|off\u00bb _builder_version=\u00bb4.25.1&#8243; _module_preset=\u00bbdefault\u00bb custom_margin=\u00bb0px||30px||false|false\u00bb custom_padding=\u00bb0px||||false|false\u00bb global_colors_info=\u00bb{}\u00bb][et_pb_column type=\u00bb1_2&#8243; _builder_version=\u00bb4.23.4&#8243; _module_preset=\u00bbdefault\u00bb global_colors_info=\u00bb{}\u00bb][et_pb_image src=\u00bbhttps:\/\/www.socialshaker.com\/wp-content\/uploads\/2024\/03\/un-jeu-concours-a-votre-image-2.webp\u00bb title_text=\u00bbun-concurso-a-su-imagen-2&#8243; _builder_version=\u00bb4.24.3&#8243; _module_preset=\u00bbdefault\u00bb global_colors_info=\u00bb{}\u00bb][\/et_pb_image][et_pb_text _builder_version=\u00bb4.27.0&#8243; _module_preset=\u00bbdefault\u00bb text_font=\u00bb|300|||||||\u00bb global_colors_info=\u00bb{}\u00bb]<\/p>\n<p><strong>Inf\u00f3rmese<\/strong> sobre nuestros pr\u00f3ximos seminarios web e inscr\u00edbase directamente en la fecha que desee.<br \/><span style=\"text-decoration: underline;\"><\/span><\/p>\n<p><span style=\"text-decoration: underline;\">M\u00e1s informaci\u00f3n en este seminario web<\/span>:<\/p>\n<ul>\n<li>Demostraci\u00f3n en vivo<\/li>\n<li>Crear una campa\u00f1a de marketing<\/li>\n<li>Preguntas y respuestas de nuestros expertos<\/li>\n<\/ul>\n<p>[\/et_pb_text][\/et_pb_column][et_pb_column type=\u00bb1_2&#8243; _builder_version=\u00bb4.23.4&#8243; _module_preset=\u00bbdefault\u00bb global_colors_info=\u00bb{}\u00bb][et_pb_code _builder_version=\u00bb4.27.0&#8243; _module_preset=\u00bbdefault\u00bb global_colors_info=\u00bb{}\u00bb]<iframe width=\"100%\" height=\"600\" frameborder=\"0\" src=\"https:\/\/app.livestorm.co\/p\/c761064c-d6ae-4d5e-90f7-028ff77ea7bd\/form\" title=\"Formaci\u00f3n Socialshaker | Webinar gamification &amp; jeu marketing\"><\/iframe>[\/et_pb_code][\/et_pb_column][\/et_pb_row][et_pb_row disabled_on=\u00bboff|off|on\u00bb _builder_version=\u00bb4.25.1&#8243; _module_preset=\u00bbdefault\u00bb width=\u00bb100%\u00bb custom_margin=\u00bb0px||30px||false|false\u00bb custom_padding=\u00bb0px|20px||20px|false|false\u00bb global_colors_info=\u00bb{}\u00bb][et_pb_column type=\u00bb4_4&#8243; _builder_version=\u00bb4.23.4&#8243; _module_preset=\u00bbdefault\u00bb global_colors_info=\u00bb{}\u00bb][et_pb_image src=\u00bbhttps:\/\/www.socialshaker.com\/wp-content\/uploads\/2024\/03\/un-jeu-concours-a-votre-image-2.webp\u00bb title_text=\u00bbun-concurso-a-su-imagen-2&#8243; align=\u00bbcenter\u00bb _builder_version=\u00bb4.25.1&#8243; _module_preset=\u00bbdefault\u00bb global_colors_info=\u00bb{}\u00bb][\/et_pb_image][et_pb_code _builder_version=\u00bb4.27.0&#8243; _module_preset=\u00bbdefault\u00bb global_colors_info=\u00bb{}\u00bb]<iframe width=\"100%\" height=\"900\" frameborder=\"0\" src=\"https:\/\/app.livestorm.co\/p\/c761064c-d6ae-4d5e-90f7-028ff77ea7bd\/form\" title=\"Formaci\u00f3n Socialshaker | Webinar gamification &amp; jeu marketing\"><\/iframe>[\/et_pb_code][et_pb_text _builder_version=\u00bb4.27.0&#8243; _module_preset=\u00bbdefault\u00bb text_font=\u00bb|300|||||||\u00bb global_colors_info=\u00bb{}\u00bb]<\/p>\n<p style=\"text-align: center;\">Inf\u00f3rmese sobre nuestros <strong>pr\u00f3ximos<\/strong> seminarios web e inscr\u00edbase directamente en la fecha que desee.<span style=\"text-decoration: underline;\"><\/span><\/p>\n<p style=\"text-align: center;\"><span style=\"text-decoration: underline;\">M\u00e1s informaci\u00f3n en este seminario web<\/span>:<\/p>\n<p style=\"text-align: center;\">Demostraci\u00f3n en vivo<\/p>\n<p style=\"text-align: center;\">Crear una campa\u00f1a de marketing<\/p>\n<p style=\"text-align: center;\">Preguntas y respuestas de nuestros expertos<\/p>\n<p>[\/et_pb_text][\/et_pb_column][\/et_pb_row][et_pb_row _builder_version=\u00bb4.25.1&#8243; _module_preset=\u00bbdefault\u00bb global_colors_info=\u00bb{}\u00bb][et_pb_column type=\u00bb4_4&#8243; _builder_version=\u00bb4.25.1&#8243; _module_preset=\u00bbdefault\u00bb global_colors_info=\u00bb{}\u00bb][et_pb_text content_tablet=\u00bb<\/p>\n<p style=%22text-align: center;%22>Descubra los seminarios web de Socialshaker, \u00a1su aliado imprescindible para dominar el arte de la gamificaci\u00f3n del marketing! Con nuestro software, podr\u00e1 lanzar campa\u00f1as de marketing gamificado en unos pocos clics, reclutando, fidelizando y convirtiendo a sus objetivos gracias a nuestras herramientas de alto rendimiento. <\/p>\n<p style=%22text-align: center;%22>Nuestros seminarios web le guiar\u00e1n a trav\u00e9s de las m\u00e1s de <strong>30 mec\u00e1nicas de juego listas para usar<\/strong> que tenemos disponibles. Desde sorteos y premios instant\u00e1neos hasta contenido generado por el usuario (CGU) y opciones avanzadas de personalizaci\u00f3n, aprenda a crear campa\u00f1as sencillas y atractivas. Adapte sus juegos a sus necesidades espec\u00edficas y distrib\u00fayalos a trav\u00e9s de m\u00faltiples canales: m\u00f3vil, blog, sitio web o campa\u00f1as de correo electr\u00f3nico.  <\/p>\n<p style=%22text-align: center;%22>Adaptadas a cada \u00e9poca del a\u00f1o, nuestras campa\u00f1as son f\u00e1ciles de personalizar gracias a nuestro m\u00f3dulo \u00abPlantillas\u00bb. En unos pocos clics, puede utilizar nuestras im\u00e1genes libres de derechos o personalizar sus propios elementos visuales. Le proponemos una gama de plantillas para grandes acontecimientos como San Valent\u00edn, Semana Santa, las rebajas o Navidad. No deje que la falta de tiempo sea una excusa para no utilizar nuestros servicios.   <\/p>\n<p style=%22text-align: center;%22>Nuestros seminarios web tambi\u00e9n le muestran c\u00f3mo <strong> activar a su p\u00fablico de forma eficaz<\/strong>. Utilice nuestros formularios de participaci\u00f3n totalmente personalizables para recopilar datos valiosos sobre su comunidad. Exporte esta informaci\u00f3n en formato .CSV y util\u00edcela para alcanzar sus objetivos de marketing.<\/p>\n<p style=%22text-align: center;%22>Participe en un seminario web y <strong>aprenda de nuestros expertos<\/strong> c\u00f3mo transformar sus campa\u00f1as de marketing con Socialshaker. Maximiza el compromiso de tu audiencia y mejora tus resultados con nuestras soluciones de gamificaci\u00f3n innovadoras y f\u00e1ciles de usar. <\/p>\n<p>\u00bb content_phone=\u00bb<\/p>\n<p style=%22text-align: center;%22>Descubra los seminarios web de Socialshaker, \u00a1su aliado imprescindible para dominar el arte de la gamificaci\u00f3n del marketing! Con nuestro software, podr\u00e1 lanzar campa\u00f1as de marketing gamificado en unos pocos clics, reclutando, fidelizando y convirtiendo a sus objetivos gracias a nuestras herramientas de alto rendimiento. <\/p>\n<p style=%22text-align: center;%22>Nuestros seminarios web le guiar\u00e1n a trav\u00e9s de las m\u00e1s de <strong>30 mec\u00e1nicas de juego listas para usar<\/strong> que tenemos disponibles. Desde sorteos y premios instant\u00e1neos hasta contenido generado por el usuario (CGU) y opciones avanzadas de personalizaci\u00f3n, aprenda a crear campa\u00f1as sencillas y atractivas. Adapte sus juegos a sus necesidades espec\u00edficas y distrib\u00fayalos a trav\u00e9s de m\u00faltiples canales: m\u00f3vil, blog, sitio web o campa\u00f1as de correo electr\u00f3nico.  <\/p>\n<p style=%22text-align: center;%22>Adaptadas a cada \u00e9poca del a\u00f1o, nuestras campa\u00f1as son f\u00e1ciles de personalizar gracias a nuestro m\u00f3dulo \u00abPlantillas\u00bb. En unos pocos clics, puede utilizar nuestras im\u00e1genes libres de derechos o personalizar sus propios elementos visuales. Le proponemos una gama de plantillas para grandes acontecimientos como San Valent\u00edn, Semana Santa, las rebajas o Navidad. No deje que la falta de tiempo sea una excusa para no utilizar nuestros servicios.   <\/p>\n<p style=%22text-align: center;%22>Nuestros seminarios web tambi\u00e9n le muestran c\u00f3mo <strong> activar a su p\u00fablico de forma eficaz<\/strong>. Utilice nuestros formularios de participaci\u00f3n totalmente personalizables para recopilar datos valiosos sobre su comunidad. Exporte esta informaci\u00f3n en formato .CSV y util\u00edcela para alcanzar sus objetivos de marketing.<\/p>\n<p style=%22text-align: center;%22>Participe en un seminario web y <strong>aprenda de nuestros expertos<\/strong> c\u00f3mo transformar sus campa\u00f1as de marketing con Socialshaker. Maximiza el compromiso de tu audiencia y mejora tus resultados con nuestras soluciones de gamificaci\u00f3n innovadoras y f\u00e1ciles de usar. <\/p>\n<p>\u00bb content_last_edited=\u00bbon|phone\u00bb _builder_version=\u00bb4.25.1&#8243; _module_preset=\u00bbdefault\u00bb text_font=\u00bb|300|||||||\u00bb global_colors_info=\u00bb{}\u00bb]<\/p>\n<p style=\"text-align: left;\">Descubra los seminarios web de Socialshaker, \u00a1su aliado imprescindible para dominar el arte de la gamificaci\u00f3n del marketing! Con nuestro software, podr\u00e1 lanzar campa\u00f1as de marketing gamificado en unos pocos clics, reclutando, fidelizando y convirtiendo a sus objetivos gracias a nuestras herramientas de alto rendimiento. <\/p>\n<p style=\"text-align: left;\">Nuestros seminarios web le guiar\u00e1n a trav\u00e9s de las m\u00e1s de <strong>30 mec\u00e1nicas de juego listas para usar<\/strong> que tenemos disponibles. Desde sorteos y premios instant\u00e1neos hasta contenido generado por el usuario (CGU) y opciones avanzadas de personalizaci\u00f3n, aprenda a crear campa\u00f1as sencillas y atractivas. Adapte sus juegos a sus necesidades espec\u00edficas y distrib\u00fayalos a trav\u00e9s de m\u00faltiples canales: m\u00f3vil, blog, sitio web o campa\u00f1as de correo electr\u00f3nico.  <\/p>\n<p style=\"text-align: left;\">Adaptadas a cada \u00e9poca del a\u00f1o, nuestras campa\u00f1as son f\u00e1ciles de personalizar gracias a nuestro m\u00f3dulo \u00abPlantillas\u00bb. En unos pocos clics, puede utilizar nuestras im\u00e1genes libres de derechos o personalizar sus propios elementos visuales. Le proponemos una gama de plantillas para grandes acontecimientos como San Valent\u00edn, Semana Santa, las rebajas o Navidad. No deje que la falta de tiempo sea una excusa para no utilizar nuestros servicios.   <\/p>\n<p style=\"text-align: left;\">Nuestros seminarios web tambi\u00e9n le muestran c\u00f3mo <strong> activar a su p\u00fablico de forma eficaz<\/strong>. Utilice nuestros formularios de participaci\u00f3n totalmente personalizables para recopilar datos valiosos sobre su comunidad. Exporte esta informaci\u00f3n en formato .CSV y util\u00edcela para alcanzar sus objetivos de marketing.<\/p>\n<p style=\"text-align: left;\">Participe en un seminario web y <strong>aprenda de nuestros expertos<\/strong> c\u00f3mo transformar sus campa\u00f1as de marketing con Socialshaker. Maximiza el compromiso de tu audiencia y mejora tus resultados con nuestras soluciones de gamificaci\u00f3n innovadoras y f\u00e1ciles de usar. <\/p>\n<p>[\/et_pb_text][\/et_pb_column][\/et_pb_row][\/et_pb_section][et_pb_section fb_built=\u00bb1&#8243; _builder_version=\u00bb4.23.4&#8243; _module_preset=\u00bbdefault\u00bb use_background_color_gradient=\u00bbon\u00bb background_color_gradient_stops=\u00bb#faf6fd 30%|#ffffff 100%\u00bb locked=\u00bboff\u00bb global_colors_info=\u00bb{}\u00bb][et_pb_row column_structure=\u00bb1_4,1_2,1_4&#8243; _builder_version=\u00bb4.23.4&#8243; _module_preset=\u00bbdefault\u00bb locked=\u00bboff\u00bb global_colors_info=\u00bb{}\u00bb][et_pb_column type=\u00bb1_4&#8243; _builder_version=\u00bb4.23.4&#8243; _module_preset=\u00bbdefault\u00bb global_colors_info=\u00bb{}\u00bb][\/et_pb_column][et_pb_column type=\u00bb1_2&#8243; _builder_version=\u00bb4.23.4&#8243; _module_preset=\u00bbdefault\u00bb global_colors_info=\u00bb{}\u00bb][et_pb_text _builder_version=\u00bb4.26.0&#8243; _module_preset=\u00bbdefault\u00bb text_font=\u00bb|300|||||||\u00bb text_font_size=\u00bb35px\u00bb text_line_height=\u00bb1.2em\u00bb header_font_size=\u00bb26px\u00bb header_2_line_height=\u00bb1.2em\u00bb custom_margin=\u00bb||20px||false|false\u00bb global_colors_info=\u00bb{}\u00bb]<\/p>\n<h2 style=\"text-align: center;\"><strong>Implique a su comunidad<\/strong> <br \/><strong>sin m\u00e1s pre\u00e1mbulos<\/strong><\/h2>\n<p>[\/et_pb_text][et_pb_text _builder_version=\u00bb4.26.0&#8243; _module_preset=\u00bbdefault\u00bb text_font=\u00bb|300|||||||\u00bb text_font_size=\u00bb30px\u00bb text_line_height=\u00bb1.2em\u00bb header_2_font=\u00bb|300|||||||\u00bb header_3_font=\u00bb|300|||||||\u00bb header_3_font_size=\u00bb24px\u00bb header_3_line_height=\u00bb1.2em\u00bb global_colors_info=\u00bb{}\u00bb]<\/p>\n<h3 style=\"text-align: center;\">Lanza una campa\u00f1a de juegos de marketing 100% gratuita en unos pocos clics<\/h3>\n<p>[\/et_pb_text][et_pb_button button_url=\u00bbhttps:\/\/platform.socialshaker.com\/es\/register\u00bb button_text=\u00bbEmpezar gratis\u00bb _builder_version=\u00bb4.26.0&#8243; _module_preset=\u00bbc40ba20b-4bf1-47d2-bbb9-baa3da12e41e\u00bb locked=\u00bboff\u00bb global_colors_info=\u00bb{}\u00bb][\/et_pb_button][\/et_pb_column][et_pb_column type=\u00bb1_4&#8243; _builder_version=\u00bb4.23.4&#8243; _module_preset=\u00bbdefault\u00bb global_colors_info=\u00bb{}\u00bb][\/et_pb_column][\/et_pb_row][\/et_pb_section]<\/p>\n","protected":false},"excerpt":{"rendered":"<p>Webinario SocialshakerDomine la plataforma en menos de 30 minutosInf\u00f3rmese sobre nuestros pr\u00f3ximos seminarios web e inscr\u00edbase directamente en la fecha que desee. M\u00e1s informaci\u00f3n en este seminario web: Demostraci\u00f3n en vivo Crear una campa\u00f1a de marketing Preguntas y respuestas de nuestros expertos Inf\u00f3rmese sobre nuestros pr\u00f3ximos seminarios web e inscr\u00edbase directamente en la fecha que [&hellip;]<\/p>\n","protected":false},"author":4,"featured_media":48800,"parent":0,"menu_order":0,"comment_status":"closed","ping_status":"closed","template":"","meta":{"_et_pb_use_builder":"on","_et_pb_old_content":"","_et_gb_content_width":"","footnotes":""},"dipi_cpt_category":[],"class_list":["post-48799","page","type-page","status-publish","has-post-thumbnail","hentry"],"yoast_head":"<!-- This site is optimized with the Yoast SEO plugin v26.6 - https:\/\/yoast.com\/wordpress\/plugins\/seo\/ -->\n<title>El seminario web que tiene que ver antes de crear una campa\u00f1a de marketing de juegos<\/title>\n<meta name=\"description\" content=\"Encuentre las fechas de nuestros pr\u00f3ximos eventos programados e inscr\u00edbase directamente en el seminario web de su elecci\u00f3n.\" \/>\n<meta name=\"robots\" content=\"index, follow, max-snippet:-1, max-image-preview:large, max-video-preview:-1\" \/>\n<link rel=\"canonical\" href=\"https:\/\/www.socialshaker.com\/es\/webinario\/\" \/>\n<meta property=\"og:locale\" content=\"es_ES\" \/>\n<meta property=\"og:type\" content=\"article\" \/>\n<meta property=\"og:title\" content=\"El seminario web que tiene que ver antes de crear una campa\u00f1a de marketing de juegos\" \/>\n<meta property=\"og:description\" content=\"Encuentre las fechas de nuestros pr\u00f3ximos eventos programados e inscr\u00edbase directamente en el seminario web de su elecci\u00f3n.\" \/>\n<meta property=\"og:url\" content=\"https:\/\/www.socialshaker.com\/es\/webinario\/\" \/>\n<meta property=\"og:site_name\" content=\"Socialshaker Interactive marketing\" \/>\n<meta property=\"article:modified_time\" content=\"2026-04-14T14:45:14+00:00\" \/>\n<meta property=\"og:image\" content=\"https:\/\/www.socialshaker.com\/wp-content\/uploads\/2024\/06\/vignette-webinar-socialshaker.webp\" \/>\n\t<meta property=\"og:image:width\" content=\"888\" \/>\n\t<meta property=\"og:image:height\" content=\"587\" \/>\n\t<meta property=\"og:image:type\" content=\"image\/webp\" \/>\n<meta name=\"twitter:card\" content=\"summary_large_image\" \/>\n<meta name=\"twitter:label1\" content=\"Tiempo de lectura\" \/>\n\t<meta name=\"twitter:data1\" content=\"8 minutos\" \/>\n<script type=\"application\/ld+json\" class=\"yoast-schema-graph\">{\"@context\":\"https:\/\/schema.org\",\"@graph\":[{\"@type\":\"WebPage\",\"@id\":\"https:\/\/www.socialshaker.com\/es\/webinario\/\",\"url\":\"https:\/\/www.socialshaker.com\/es\/webinario\/\",\"name\":\"El seminario web que tiene que ver antes de crear una campa\u00f1a de marketing de juegos\",\"isPartOf\":{\"@id\":\"https:\/\/www.socialshaker.com\/es\/#website\"},\"primaryImageOfPage\":{\"@id\":\"https:\/\/www.socialshaker.com\/es\/webinario\/#primaryimage\"},\"image\":{\"@id\":\"https:\/\/www.socialshaker.com\/es\/webinario\/#primaryimage\"},\"thumbnailUrl\":\"https:\/\/www.socialshaker.com\/wp-content\/uploads\/2024\/06\/vignette-webinar-socialshaker.webp\",\"datePublished\":\"2024-04-16T15:45:57+00:00\",\"dateModified\":\"2026-04-14T14:45:14+00:00\",\"description\":\"Encuentre las fechas de nuestros pr\u00f3ximos eventos programados e inscr\u00edbase directamente en el seminario web de su elecci\u00f3n.\",\"breadcrumb\":{\"@id\":\"https:\/\/www.socialshaker.com\/es\/webinario\/#breadcrumb\"},\"inLanguage\":\"es\",\"potentialAction\":[{\"@type\":\"ReadAction\",\"target\":[\"https:\/\/www.socialshaker.com\/es\/webinario\/\"]}]},{\"@type\":\"ImageObject\",\"inLanguage\":\"es\",\"@id\":\"https:\/\/www.socialshaker.com\/es\/webinario\/#primaryimage\",\"url\":\"https:\/\/www.socialshaker.com\/wp-content\/uploads\/2024\/06\/vignette-webinar-socialshaker.webp\",\"contentUrl\":\"https:\/\/www.socialshaker.com\/wp-content\/uploads\/2024\/06\/vignette-webinar-socialshaker.webp\",\"width\":888,\"height\":587},{\"@type\":\"BreadcrumbList\",\"@id\":\"https:\/\/www.socialshaker.com\/es\/webinario\/#breadcrumb\",\"itemListElement\":[{\"@type\":\"ListItem\",\"position\":1,\"name\":\"Accueil\",\"item\":\"https:\/\/www.socialshaker.com\/es\/\"},{\"@type\":\"ListItem\",\"position\":2,\"name\":\"Webinario\"}]},{\"@type\":\"WebSite\",\"@id\":\"https:\/\/www.socialshaker.com\/es\/#website\",\"url\":\"https:\/\/www.socialshaker.com\/es\/\",\"name\":\"Socialshaker\",\"description\":\"Lancez une campagne de jeu marketing en quelques clics avec Socialshaker\",\"publisher\":{\"@id\":\"https:\/\/www.socialshaker.com\/es\/#organization\"},\"potentialAction\":[{\"@type\":\"SearchAction\",\"target\":{\"@type\":\"EntryPoint\",\"urlTemplate\":\"https:\/\/www.socialshaker.com\/es\/?s={search_term_string}\"},\"query-input\":{\"@type\":\"PropertyValueSpecification\",\"valueRequired\":true,\"valueName\":\"search_term_string\"}}],\"inLanguage\":\"es\"},{\"@type\":\"Organization\",\"@id\":\"https:\/\/www.socialshaker.com\/es\/#organization\",\"name\":\"Socialshaker\",\"url\":\"https:\/\/www.socialshaker.com\/es\/\",\"logo\":{\"@type\":\"ImageObject\",\"inLanguage\":\"es\",\"@id\":\"https:\/\/www.socialshaker.com\/es\/#\/schema\/logo\/image\/\",\"url\":\"https:\/\/www.socialshaker.com\/wp-content\/uploads\/2024\/02\/Logo-2024-rouge-etoile.webp\",\"contentUrl\":\"https:\/\/www.socialshaker.com\/wp-content\/uploads\/2024\/02\/Logo-2024-rouge-etoile.webp\",\"width\":346,\"height\":70,\"caption\":\"Socialshaker\"},\"image\":{\"@id\":\"https:\/\/www.socialshaker.com\/es\/#\/schema\/logo\/image\/\"}}]}<\/script>\n<!-- \/ Yoast SEO plugin. -->","yoast_head_json":{"title":"El seminario web que tiene que ver antes de crear una campa\u00f1a de marketing de juegos","description":"Encuentre las fechas de nuestros pr\u00f3ximos eventos programados e inscr\u00edbase directamente en el seminario web de su elecci\u00f3n.","robots":{"index":"index","follow":"follow","max-snippet":"max-snippet:-1","max-image-preview":"max-image-preview:large","max-video-preview":"max-video-preview:-1"},"canonical":"https:\/\/www.socialshaker.com\/es\/webinario\/","og_locale":"es_ES","og_type":"article","og_title":"El seminario web que tiene que ver antes de crear una campa\u00f1a de marketing de juegos","og_description":"Encuentre las fechas de nuestros pr\u00f3ximos eventos programados e inscr\u00edbase directamente en el seminario web de su elecci\u00f3n.","og_url":"https:\/\/www.socialshaker.com\/es\/webinario\/","og_site_name":"Socialshaker Interactive marketing","article_modified_time":"2026-04-14T14:45:14+00:00","og_image":[{"width":888,"height":587,"url":"https:\/\/www.socialshaker.com\/wp-content\/uploads\/2024\/06\/vignette-webinar-socialshaker.webp","type":"image\/webp"}],"twitter_card":"summary_large_image","twitter_misc":{"Tiempo de lectura":"8 minutos"},"schema":{"@context":"https:\/\/schema.org","@graph":[{"@type":"WebPage","@id":"https:\/\/www.socialshaker.com\/es\/webinario\/","url":"https:\/\/www.socialshaker.com\/es\/webinario\/","name":"El seminario web que tiene que ver antes de crear una campa\u00f1a de marketing de juegos","isPartOf":{"@id":"https:\/\/www.socialshaker.com\/es\/#website"},"primaryImageOfPage":{"@id":"https:\/\/www.socialshaker.com\/es\/webinario\/#primaryimage"},"image":{"@id":"https:\/\/www.socialshaker.com\/es\/webinario\/#primaryimage"},"thumbnailUrl":"https:\/\/www.socialshaker.com\/wp-content\/uploads\/2024\/06\/vignette-webinar-socialshaker.webp","datePublished":"2024-04-16T15:45:57+00:00","dateModified":"2026-04-14T14:45:14+00:00","description":"Encuentre las fechas de nuestros pr\u00f3ximos eventos programados e inscr\u00edbase directamente en el seminario web de su elecci\u00f3n.","breadcrumb":{"@id":"https:\/\/www.socialshaker.com\/es\/webinario\/#breadcrumb"},"inLanguage":"es","potentialAction":[{"@type":"ReadAction","target":["https:\/\/www.socialshaker.com\/es\/webinario\/"]}]},{"@type":"ImageObject","inLanguage":"es","@id":"https:\/\/www.socialshaker.com\/es\/webinario\/#primaryimage","url":"https:\/\/www.socialshaker.com\/wp-content\/uploads\/2024\/06\/vignette-webinar-socialshaker.webp","contentUrl":"https:\/\/www.socialshaker.com\/wp-content\/uploads\/2024\/06\/vignette-webinar-socialshaker.webp","width":888,"height":587},{"@type":"BreadcrumbList","@id":"https:\/\/www.socialshaker.com\/es\/webinario\/#breadcrumb","itemListElement":[{"@type":"ListItem","position":1,"name":"Accueil","item":"https:\/\/www.socialshaker.com\/es\/"},{"@type":"ListItem","position":2,"name":"Webinario"}]},{"@type":"WebSite","@id":"https:\/\/www.socialshaker.com\/es\/#website","url":"https:\/\/www.socialshaker.com\/es\/","name":"Socialshaker","description":"Lancez une campagne de jeu marketing en quelques clics avec Socialshaker","publisher":{"@id":"https:\/\/www.socialshaker.com\/es\/#organization"},"potentialAction":[{"@type":"SearchAction","target":{"@type":"EntryPoint","urlTemplate":"https:\/\/www.socialshaker.com\/es\/?s={search_term_string}"},"query-input":{"@type":"PropertyValueSpecification","valueRequired":true,"valueName":"search_term_string"}}],"inLanguage":"es"},{"@type":"Organization","@id":"https:\/\/www.socialshaker.com\/es\/#organization","name":"Socialshaker","url":"https:\/\/www.socialshaker.com\/es\/","logo":{"@type":"ImageObject","inLanguage":"es","@id":"https:\/\/www.socialshaker.com\/es\/#\/schema\/logo\/image\/","url":"https:\/\/www.socialshaker.com\/wp-content\/uploads\/2024\/02\/Logo-2024-rouge-etoile.webp","contentUrl":"https:\/\/www.socialshaker.com\/wp-content\/uploads\/2024\/02\/Logo-2024-rouge-etoile.webp","width":346,"height":70,"caption":"Socialshaker"},"image":{"@id":"https:\/\/www.socialshaker.com\/es\/#\/schema\/logo\/image\/"}}]}},"_links":{"self":[{"href":"https:\/\/www.socialshaker.com\/es\/wp-json\/wp\/v2\/pages\/48799","targetHints":{"allow":["GET"]}}],"collection":[{"href":"https:\/\/www.socialshaker.com\/es\/wp-json\/wp\/v2\/pages"}],"about":[{"href":"https:\/\/www.socialshaker.com\/es\/wp-json\/wp\/v2\/types\/page"}],"author":[{"embeddable":true,"href":"https:\/\/www.socialshaker.com\/es\/wp-json\/wp\/v2\/users\/4"}],"replies":[{"embeddable":true,"href":"https:\/\/www.socialshaker.com\/es\/wp-json\/wp\/v2\/comments?post=48799"}],"version-history":[{"count":35,"href":"https:\/\/www.socialshaker.com\/es\/wp-json\/wp\/v2\/pages\/48799\/revisions"}],"predecessor-version":[{"id":27592802,"href":"https:\/\/www.socialshaker.com\/es\/wp-json\/wp\/v2\/pages\/48799\/revisions\/27592802"}],"wp:featuredmedia":[{"embeddable":true,"href":"https:\/\/www.socialshaker.com\/es\/wp-json\/wp\/v2\/media\/48800"}],"wp:attachment":[{"href":"https:\/\/www.socialshaker.com\/es\/wp-json\/wp\/v2\/media?parent=48799"}],"wp:term":[{"taxonomy":"dipi_cpt_category","embeddable":true,"href":"https:\/\/www.socialshaker.com\/es\/wp-json\/wp\/v2\/dipi_cpt_category?post=48799"}],"curies":[{"name":"wp","href":"https:\/\/api.w.org\/{rel}","templated":true}]}}